{"id":5734,"date":"2025-12-02T12:02:38","date_gmt":"2025-12-02T12:02:38","guid":{"rendered":"https:\/\/dahianvelasquez.com\/?post_type=product&#038;p=5734"},"modified":"2026-01-25T16:24:58","modified_gmt":"2026-01-25T16:24:58","slug":"choker-perla","status":"publish","type":"product","link":"https:\/\/dahianvelasquez.com\/en\/product\/choker-perla\/","title":{"rendered":"Choker Perla"},"content":{"rendered":"<p>Perlas en distintos tama\u00f1os, cuidadosamente bordadas a mano, forman un choker con textura y movimiento, elegante y contempor\u00e1neo. Su dise\u00f1o trabajado aporta un toque sofisticado, ideal para complementar tu vestido de novia o tu segundo look de cambio. Cada pieza refleja la dedicaci\u00f3n y el cuidado del trabajo artesanal.<br \/>\nSistema de cierre botones y broches posteriores.<\/p>\n<p><b>Color:<\/b> Ivory<br \/>\n<b>Materiales:<\/b> Base en tul Tul, perlas en vidrio de diferentes tama\u00f1os<\/p>\n<p><b>Hecho a mano en Colombia<br \/>\nTalla:<\/b> \u00danica &#8211; se puede ampliar m\u00e1ximo 2cm<\/p>","protected":false},"excerpt":{"rendered":"<p>Perlas en distintos tama\u00f1os, cuidadosamente bordadas a mano, forman un choker con textura y movimiento, elegante y contempor\u00e1neo. Su dise\u00f1o trabajado aporta un toque sofisticado, ideal para complementar tu vestido de novia o tu segundo look de cambio. Cada pieza refleja la dedicaci\u00f3n y el cuidado del trabajo artesanal.<br \/>\nSistema de cierre botones y broches posteriores<\/p>","protected":false},"featured_media":5676,"template":"","meta":[],"product_brand":[],"product_cat":[34],"product_tag":[],"class_list":{"0":"post-5734","1":"product","2":"type-product","3":"status-publish","4":"has-post-thumbnail","6":"product_cat-otros","7":"product_shipping_class-caja-pequena","9":"first","10":"instock","11":"shipping-taxable","12":"purchasable","13":"product-type-simple"},"aioseo_notices":[],"_links":{"self":[{"href":"https:\/\/dahianvelasquez.com\/en\/wp-json\/wp\/v2\/product\/5734","targetHints":{"allow":["GET"]}}],"collection":[{"href":"https:\/\/dahianvelasquez.com\/en\/wp-json\/wp\/v2\/product"}],"about":[{"href":"https:\/\/dahianvelasquez.com\/en\/wp-json\/wp\/v2\/types\/product"}],"wp:featuredmedia":[{"embeddable":true,"href":"https:\/\/dahianvelasquez.com\/en\/wp-json\/wp\/v2\/media\/5676"}],"wp:attachment":[{"href":"https:\/\/dahianvelasquez.com\/en\/wp-json\/wp\/v2\/media?parent=5734"}],"wp:term":[{"taxonomy":"product_brand","embeddable":true,"href":"https:\/\/dahianvelasquez.com\/en\/wp-json\/wp\/v2\/product_brand?post=5734"},{"taxonomy":"product_cat","embeddable":true,"href":"https:\/\/dahianvelasquez.com\/en\/wp-json\/wp\/v2\/product_cat?post=5734"},{"taxonomy":"product_tag","embeddable":true,"href":"https:\/\/dahianvelasquez.com\/en\/wp-json\/wp\/v2\/product_tag?post=5734"}],"curies":[{"name":"wp","href":"https:\/\/api.w.org\/{rel}","templated":true}]}}