{"id":5732,"date":"2025-12-02T12:01:31","date_gmt":"2025-12-02T12:01:31","guid":{"rendered":"https:\/\/dahianvelasquez.com\/?post_type=product&#038;p=5732"},"modified":"2026-01-25T16:25:04","modified_gmt":"2026-01-25T16:25:04","slug":"guantes-marianne","status":"publish","type":"product","link":"https:\/\/dahianvelasquez.com\/en\/product\/guantes-marianne\/","title":{"rendered":"Guantes Marianne"},"content":{"rendered":"<p>Trabajados con t\u00e9cnica artesanal y bordados a mano con perlas de distintos tama\u00f1os que forman figuras org\u00e1nicas. Cada par refleja precisi\u00f3n y detalle, creando un accesorio \u00fanico y sofisticado.<br \/>\nBordado sutil en hilo que se puede personalizar con palabras o frases especiales, convirti\u00e9ndolos en una pieza exclusiva que complementa el vestido de novia con un toque significativo.<\/p>\n<p><b>Material:<\/b> Tul suave<\/p>\n<p>Color: ivory<\/p>\n<p><b>Hecho a mano en Colombia<br \/>\nTalla:<\/b> S,M,L<\/p>\n<p>PERSONALIZA TEXTO :(m\u00e1ximo 9 letras x brazo)<br \/>\nDerecha:_______<br \/>\nIzquierda:______<\/p>\n<p>Medidas: largo 56 cm, contorno de brazo 28 cm, contorno de mu\u00f1eca 16 cm, texto: 7 cm x 6 mm.<\/p>","protected":false},"excerpt":{"rendered":"<p>Trabajados con t\u00e9cnica artesanal y bordados a mano con perlas de distintos tama\u00f1os que forman figuras org\u00e1nicas. Cada par refleja precisi\u00f3n y detalle, creando un accesorio \u00fanico y sofisticado.<br \/>\nBordado sutil en hilo que se puede personalizar con palabras o frases especiales, convirti\u00e9ndolos en una pieza exclusiva que complementa el vestido de novia con un toque significativo.<\/p>","protected":false},"featured_media":5733,"template":"","meta":[],"product_brand":[],"product_cat":[33],"product_tag":[],"class_list":{"0":"post-5732","1":"product","2":"type-product","3":"status-publish","4":"has-post-thumbnail","6":"product_cat-guantes-y-mangas","7":"product_shipping_class-caja-pequena","9":"first","10":"instock","11":"shipping-taxable","12":"purchasable","13":"product-type-simple"},"aioseo_notices":[],"_links":{"self":[{"href":"https:\/\/dahianvelasquez.com\/en\/wp-json\/wp\/v2\/product\/5732","targetHints":{"allow":["GET"]}}],"collection":[{"href":"https:\/\/dahianvelasquez.com\/en\/wp-json\/wp\/v2\/product"}],"about":[{"href":"https:\/\/dahianvelasquez.com\/en\/wp-json\/wp\/v2\/types\/product"}],"wp:featuredmedia":[{"embeddable":true,"href":"https:\/\/dahianvelasquez.com\/en\/wp-json\/wp\/v2\/media\/5733"}],"wp:attachment":[{"href":"https:\/\/dahianvelasquez.com\/en\/wp-json\/wp\/v2\/media?parent=5732"}],"wp:term":[{"taxonomy":"product_brand","embeddable":true,"href":"https:\/\/dahianvelasquez.com\/en\/wp-json\/wp\/v2\/product_brand?post=5732"},{"taxonomy":"product_cat","embeddable":true,"href":"https:\/\/dahianvelasquez.com\/en\/wp-json\/wp\/v2\/product_cat?post=5732"},{"taxonomy":"product_tag","embeddable":true,"href":"https:\/\/dahianvelasquez.com\/en\/wp-json\/wp\/v2\/product_tag?post=5732"}],"curies":[{"name":"wp","href":"https:\/\/api.w.org\/{rel}","templated":true}]}}