{"id":5723,"date":"2025-12-02T11:46:44","date_gmt":"2025-12-02T11:46:44","guid":{"rendered":"https:\/\/dahianvelasquez.com\/?post_type=product&#038;p=5723"},"modified":"2026-01-25T16:25:27","modified_gmt":"2026-01-25T16:25:27","slug":"guantes-tul","status":"publish","type":"product","link":"https:\/\/dahianvelasquez.com\/en\/product\/guantes-tul\/","title":{"rendered":"Guantes Tul"},"content":{"rendered":"<p>Guantes largos confeccionados en tul suave color ivory, ligeros y delicados. Su dise\u00f1o liso y et\u00e9reo aporta un aire rom\u00e1ntico y refinado, ideal para acompa\u00f1ar vestidos de encaje, tul o siluetas fluidas.<\/p>\n<p><b>Color:<\/b> Ivory<br \/>\n<b>Material:<\/b> Tul suave color ivory<br \/>\n<b>Hecho a mano en Colombia<\/b><\/p>\n<p><b>Medidas\u00a0 S:<\/b> Largo total 50 cm \/ 33 cm desde la mu\u00f1eca \/ contorno brazo 25 cm \/ contorno mu\u00f1eca 24 cm<br \/>\n<b><br \/>\nTalla:<\/b> S, M, L<\/p>\n<ul>\n<li>Medidas: 1.10m x 1.50m<\/li>\n<\/ul>","protected":false},"excerpt":{"rendered":"<p>Guantes largos confeccionados en tul suave color ivory, ligeros y delicados. Su dise\u00f1o liso y et\u00e9reo aporta un aire rom\u00e1ntico y refinado, ideal para acompa\u00f1ar vestidos de encaje, tul o siluetas fluidas.<\/p>","protected":false},"featured_media":5724,"template":"","meta":[],"product_brand":[],"product_cat":[33],"product_tag":[],"class_list":{"0":"post-5723","1":"product","2":"type-product","3":"status-publish","4":"has-post-thumbnail","6":"product_cat-guantes-y-mangas","7":"product_shipping_class-caja-pequena","9":"first","10":"instock","11":"shipping-taxable","12":"purchasable","13":"product-type-simple"},"aioseo_notices":[],"_links":{"self":[{"href":"https:\/\/dahianvelasquez.com\/en\/wp-json\/wp\/v2\/product\/5723","targetHints":{"allow":["GET"]}}],"collection":[{"href":"https:\/\/dahianvelasquez.com\/en\/wp-json\/wp\/v2\/product"}],"about":[{"href":"https:\/\/dahianvelasquez.com\/en\/wp-json\/wp\/v2\/types\/product"}],"wp:featuredmedia":[{"embeddable":true,"href":"https:\/\/dahianvelasquez.com\/en\/wp-json\/wp\/v2\/media\/5724"}],"wp:attachment":[{"href":"https:\/\/dahianvelasquez.com\/en\/wp-json\/wp\/v2\/media?parent=5723"}],"wp:term":[{"taxonomy":"product_brand","embeddable":true,"href":"https:\/\/dahianvelasquez.com\/en\/wp-json\/wp\/v2\/product_brand?post=5723"},{"taxonomy":"product_cat","embeddable":true,"href":"https:\/\/dahianvelasquez.com\/en\/wp-json\/wp\/v2\/product_cat?post=5723"},{"taxonomy":"product_tag","embeddable":true,"href":"https:\/\/dahianvelasquez.com\/en\/wp-json\/wp\/v2\/product_tag?post=5723"}],"curies":[{"name":"wp","href":"https:\/\/api.w.org\/{rel}","templated":true}]}}