{"id":5716,"date":"2025-12-02T11:39:27","date_gmt":"2025-12-02T11:39:27","guid":{"rendered":"https:\/\/dahianvelasquez.com\/?post_type=product&#038;p=5716"},"modified":"2026-01-25T16:25:40","modified_gmt":"2026-01-25T16:25:40","slug":"velo-sofia","status":"publish","type":"product","link":"https:\/\/dahianvelasquez.com\/en\/product\/velo-sofia\/","title":{"rendered":"Velo Sofia"},"content":{"rendered":"<p>Velo en tul suve bordado en Encaje en hilo sin brillo desde la altura de los dedos y cubriendo el borde inferior del vestido , aporta textura y elegancia sin restar protagonismo al vestido. Gracias a su amplitud, acompa\u00f1a a la perfecci\u00f3n los dise\u00f1os con faldas de volumen, equilibrando la silueta con un aire artesanal y atemporal.<\/p>\n<p><b>Color : Ivory<\/b><br \/>\n<b>Material:<\/b> Tul suave color ivory<br \/>\n<b>Largo:<\/b>Catedral<\/p>\n<p><b>Hecho a mano en Colombia<\/b><\/p>\n<ul>\n<li>Medidas: 2,60mx3m<\/li>\n<\/ul>","protected":false},"excerpt":{"rendered":"<p>Velo en tul suve bordado en Encaje en hilo sin brillo desde la altura de los dedos y cubriendo el borde inferior del vestido , aporta textura y elegancia sin restar protagonismo al vestido. Gracias a su amplitud, acompa\u00f1a a la perfecci\u00f3n los dise\u00f1os con faldas de volumen, equilibrando la silueta con un aire artesanal y atemporal.<\/p>","protected":false},"featured_media":5718,"template":"","meta":[],"product_brand":[],"product_cat":[32],"product_tag":[],"class_list":{"0":"post-5716","1":"product","2":"type-product","3":"status-publish","4":"has-post-thumbnail","6":"product_cat-velos-y-capas","7":"product_shipping_class-caja-pequena","9":"first","10":"instock","11":"shipping-taxable","12":"purchasable","13":"product-type-simple"},"aioseo_notices":[],"_links":{"self":[{"href":"https:\/\/dahianvelasquez.com\/en\/wp-json\/wp\/v2\/product\/5716","targetHints":{"allow":["GET"]}}],"collection":[{"href":"https:\/\/dahianvelasquez.com\/en\/wp-json\/wp\/v2\/product"}],"about":[{"href":"https:\/\/dahianvelasquez.com\/en\/wp-json\/wp\/v2\/types\/product"}],"wp:featuredmedia":[{"embeddable":true,"href":"https:\/\/dahianvelasquez.com\/en\/wp-json\/wp\/v2\/media\/5718"}],"wp:attachment":[{"href":"https:\/\/dahianvelasquez.com\/en\/wp-json\/wp\/v2\/media?parent=5716"}],"wp:term":[{"taxonomy":"product_brand","embeddable":true,"href":"https:\/\/dahianvelasquez.com\/en\/wp-json\/wp\/v2\/product_brand?post=5716"},{"taxonomy":"product_cat","embeddable":true,"href":"https:\/\/dahianvelasquez.com\/en\/wp-json\/wp\/v2\/product_cat?post=5716"},{"taxonomy":"product_tag","embeddable":true,"href":"https:\/\/dahianvelasquez.com\/en\/wp-json\/wp\/v2\/product_tag?post=5716"}],"curies":[{"name":"wp","href":"https:\/\/api.w.org\/{rel}","templated":true}]}}