{"id":5711,"date":"2025-12-02T11:34:37","date_gmt":"2025-12-02T11:34:37","guid":{"rendered":"https:\/\/dahianvelasquez.com\/?post_type=product&#038;p=5711"},"modified":"2026-01-25T16:25:45","modified_gmt":"2026-01-25T16:25:45","slug":"velo-megara","status":"publish","type":"product","link":"https:\/\/dahianvelasquez.com\/en\/product\/velo-megara\/","title":{"rendered":"Velo Megara"},"content":{"rendered":"<p>Este velo cae delicadamente sobre el rostro, creando un efecto et\u00e9reo y rom\u00e1ntico. Todo el borde est\u00e1 decorado con encaje de hilo fino con pesta\u00f1a, aportando detalle y textura artesanal. Siguiendo la tendencia de velos blusher, se puede combinar tanto con vestidos de encaje como con dise\u00f1os lisos, agregando un toque sofisticado y moderno que realza cualquier look nupcial.<\/p>\n<p><b>Color : Ivory<\/b><br \/>\n<b>Material:<\/b> Tul suave color ivory<br \/>\n<b>Largo:<\/b>Catedral<\/p>\n<p><b>Hecho a mano en Colombia<\/b><\/p>\n<ul>\n<li>Medidas: 2,50 ancho x 3,60 (60 cm sobre el rostro + 3m desde peineta)<\/li>\n<\/ul>","protected":false},"excerpt":{"rendered":"<p>Este velo cae delicadamente sobre el rostro, creando un efecto et\u00e9reo y rom\u00e1ntico. Todo el borde est\u00e1 decorado con encaje de hilo fino con pesta\u00f1a, aportando detalle y textura artesanal. Siguiendo la tendencia de velos blusher, se puede combinar tanto con vestidos de encaje como con dise\u00f1os lisos, agregando un toque sofisticado y moderno que realza cualquier look nupcial.<\/p>","protected":false},"featured_media":5712,"template":"","meta":[],"product_brand":[],"product_cat":[32],"product_tag":[],"class_list":{"0":"post-5711","1":"product","2":"type-product","3":"status-publish","4":"has-post-thumbnail","6":"product_cat-velos-y-capas","7":"product_shipping_class-caja-pequena","9":"first","10":"instock","11":"shipping-taxable","12":"purchasable","13":"product-type-simple"},"aioseo_notices":[],"_links":{"self":[{"href":"https:\/\/dahianvelasquez.com\/en\/wp-json\/wp\/v2\/product\/5711","targetHints":{"allow":["GET"]}}],"collection":[{"href":"https:\/\/dahianvelasquez.com\/en\/wp-json\/wp\/v2\/product"}],"about":[{"href":"https:\/\/dahianvelasquez.com\/en\/wp-json\/wp\/v2\/types\/product"}],"wp:featuredmedia":[{"embeddable":true,"href":"https:\/\/dahianvelasquez.com\/en\/wp-json\/wp\/v2\/media\/5712"}],"wp:attachment":[{"href":"https:\/\/dahianvelasquez.com\/en\/wp-json\/wp\/v2\/media?parent=5711"}],"wp:term":[{"taxonomy":"product_brand","embeddable":true,"href":"https:\/\/dahianvelasquez.com\/en\/wp-json\/wp\/v2\/product_brand?post=5711"},{"taxonomy":"product_cat","embeddable":true,"href":"https:\/\/dahianvelasquez.com\/en\/wp-json\/wp\/v2\/product_cat?post=5711"},{"taxonomy":"product_tag","embeddable":true,"href":"https:\/\/dahianvelasquez.com\/en\/wp-json\/wp\/v2\/product_tag?post=5711"}],"curies":[{"name":"wp","href":"https:\/\/api.w.org\/{rel}","templated":true}]}}