{"id":5700,"date":"2025-12-02T11:24:33","date_gmt":"2025-12-02T11:24:33","guid":{"rendered":"https:\/\/dahianvelasquez.com\/?post_type=product&#038;p=5700"},"modified":"2026-01-26T17:20:22","modified_gmt":"2026-01-26T17:20:22","slug":"velo-liana","status":"publish","type":"product","link":"https:\/\/dahianvelasquez.com\/en\/product\/velo-liana\/","title":{"rendered":"Velo Liana"},"content":{"rendered":"<p>Velo en tul suave con un final de forma org\u00e1nica que aporta delicadeza y movimiento. Decorado con ramas de inspiraci\u00f3n natural que se elevan sutilmente, creando un efecto et\u00e9reo y elegante.<\/p>\n<p><b>Color : Ivory<\/b><br \/>\n<b>Material:<\/b> Tul suave color ivory<br \/>\n<b>Largo:<\/b>Capilla<\/p>\n<p><b>Hecho a mano en Colombia<\/b><\/p>\n<ul>\n<li>Medidas: 2,40m x 3m<\/li>\n<\/ul>\n<p>Hecho a mano en Colombia.<\/p>","protected":false},"excerpt":{"rendered":"<p>Velo en tul suave con un final de forma org\u00e1nica que aporta delicadeza y movimiento. Decorado con ramas de inspiraci\u00f3n natural que se elevan sutilmente, creando un efecto et\u00e9reo y elegante<\/p>","protected":false},"featured_media":5905,"template":"","meta":[],"product_brand":[],"product_cat":[32],"product_tag":[],"class_list":{"0":"post-5700","1":"product","2":"type-product","3":"status-publish","4":"has-post-thumbnail","6":"product_cat-velos-y-capas","7":"product_shipping_class-caja-pequena","9":"first","10":"instock","11":"shipping-taxable","12":"purchasable","13":"product-type-simple"},"aioseo_notices":[],"_links":{"self":[{"href":"https:\/\/dahianvelasquez.com\/en\/wp-json\/wp\/v2\/product\/5700","targetHints":{"allow":["GET"]}}],"collection":[{"href":"https:\/\/dahianvelasquez.com\/en\/wp-json\/wp\/v2\/product"}],"about":[{"href":"https:\/\/dahianvelasquez.com\/en\/wp-json\/wp\/v2\/types\/product"}],"wp:featuredmedia":[{"embeddable":true,"href":"https:\/\/dahianvelasquez.com\/en\/wp-json\/wp\/v2\/media\/5905"}],"wp:attachment":[{"href":"https:\/\/dahianvelasquez.com\/en\/wp-json\/wp\/v2\/media?parent=5700"}],"wp:term":[{"taxonomy":"product_brand","embeddable":true,"href":"https:\/\/dahianvelasquez.com\/en\/wp-json\/wp\/v2\/product_brand?post=5700"},{"taxonomy":"product_cat","embeddable":true,"href":"https:\/\/dahianvelasquez.com\/en\/wp-json\/wp\/v2\/product_cat?post=5700"},{"taxonomy":"product_tag","embeddable":true,"href":"https:\/\/dahianvelasquez.com\/en\/wp-json\/wp\/v2\/product_tag?post=5700"}],"curies":[{"name":"wp","href":"https:\/\/api.w.org\/{rel}","templated":true}]}}