{"id":5693,"date":"2025-12-02T11:15:28","date_gmt":"2025-12-02T11:15:28","guid":{"rendered":"https:\/\/dahianvelasquez.com\/?post_type=product&#038;p=5693"},"modified":"2026-01-25T16:26:14","modified_gmt":"2026-01-25T16:26:14","slug":"vello-bloom","status":"publish","type":"product","link":"https:\/\/dahianvelasquez.com\/en\/product\/vello-bloom\/","title":{"rendered":"Vello Bloom"},"content":{"rendered":"<p>Elaborado en tul suave color ivory con delicadas flores en hilo que se dispersan de forma org\u00e1nica a lo largo del borde inferior, creando un efecto sutil y rom\u00e1ntico. Su recogido sobre peineta le aporta ca\u00edda y movimiento. Ideal para acompa\u00f1ar vestidos de silueta sirena, columna o en A con ca\u00edda, a\u00f1adiendo un toque romantico y elegante al look nupcial.<\/p>\n<p><b>Color : Ivory<\/b><br \/>\n<b>Material:<\/b> Tul suave color ivory<br \/>\n<b>Largo:<\/b>Capilla<\/p>\n<ul>\n<li>Medidas: 1,50 x 2,50<\/li>\n<\/ul>\n<p><b>Hecho a mano en Colombia<\/b><\/p>","protected":false},"excerpt":{"rendered":"<p>Elaborado en tul suave color ivory con delicadas flores en hilo que se dispersan de forma org\u00e1nica a lo largo del borde inferior, creando un efecto sutil y rom\u00e1ntico. Su recogido sobre peineta le aporta ca\u00edda y movimiento. Ideal para acompa\u00f1ar vestidos de silueta sirena, columna o en A con ca\u00edda, a\u00f1adiendo un toque romantico y elegante al look nupcial.<\/p>","protected":false},"featured_media":5694,"template":"","meta":[],"product_brand":[],"product_cat":[32],"product_tag":[],"class_list":{"0":"post-5693","1":"product","2":"type-product","3":"status-publish","4":"has-post-thumbnail","6":"product_cat-velos-y-capas","7":"product_shipping_class-caja-pequena","9":"first","10":"instock","11":"shipping-taxable","12":"purchasable","13":"product-type-simple"},"aioseo_notices":[],"_links":{"self":[{"href":"https:\/\/dahianvelasquez.com\/en\/wp-json\/wp\/v2\/product\/5693","targetHints":{"allow":["GET"]}}],"collection":[{"href":"https:\/\/dahianvelasquez.com\/en\/wp-json\/wp\/v2\/product"}],"about":[{"href":"https:\/\/dahianvelasquez.com\/en\/wp-json\/wp\/v2\/types\/product"}],"wp:featuredmedia":[{"embeddable":true,"href":"https:\/\/dahianvelasquez.com\/en\/wp-json\/wp\/v2\/media\/5694"}],"wp:attachment":[{"href":"https:\/\/dahianvelasquez.com\/en\/wp-json\/wp\/v2\/media?parent=5693"}],"wp:term":[{"taxonomy":"product_brand","embeddable":true,"href":"https:\/\/dahianvelasquez.com\/en\/wp-json\/wp\/v2\/product_brand?post=5693"},{"taxonomy":"product_cat","embeddable":true,"href":"https:\/\/dahianvelasquez.com\/en\/wp-json\/wp\/v2\/product_cat?post=5693"},{"taxonomy":"product_tag","embeddable":true,"href":"https:\/\/dahianvelasquez.com\/en\/wp-json\/wp\/v2\/product_tag?post=5693"}],"curies":[{"name":"wp","href":"https:\/\/api.w.org\/{rel}","templated":true}]}}