{"id":5689,"date":"2025-11-27T18:36:15","date_gmt":"2025-11-27T18:36:15","guid":{"rendered":"https:\/\/dahianvelasquez.com\/?post_type=product&#038;p=5689"},"modified":"2026-01-25T16:26:19","modified_gmt":"2026-01-25T16:26:19","slug":"alas-lumiere","status":"publish","type":"product","link":"https:\/\/dahianvelasquez.com\/en\/product\/alas-lumiere\/","title":{"rendered":"Alas Lumiere"},"content":{"rendered":"<p>Elaboradas en tul suave, decoradas con encaje de motivos florales bordados a mano que ascienden delicadamente desde el borde inferior y detalles sutiles desde el hombro . Se sujetan con broches invisibles, permitiendo adaptarlas f\u00e1cilmente a cualquier vestido. Este accesorio vers\u00e1til y artesanal realza escotes en la espalda o detalles del dise\u00f1o, aportando textura, movimiento y un aire rom\u00e1ntico.<br \/>\nIdeales para novias que buscan una alternativa al velo tradicional, transformando un vestido sencillo o fluido en una propuesta sofisticada y \u00fanica.<\/p>\n<p><b>Color : Ivory<\/b><br \/>\n<b>Material:<\/b> Tul suave color ivory<br \/>\n<b>Largo: <\/b>Capilla<\/p>\n<p><b>Hecho a mano en Colombia<\/b><\/p>\n<ul>\n<li>Medidas: 1,50 m (final del ala) x 2,50 m (largo)<\/li>\n<\/ul>\n<p>Hecho a mano en Colombia.<\/p>","protected":false},"excerpt":{"rendered":"<p>Elaboradas en tul suave, decoradas con encaje de motivos florales bordados a mano que ascienden delicadamente desde el borde inferior y detalles sutiles desde el hombro . Se sujetan con broches invisibles, permitiendo adaptarlas f\u00e1cilmente a cualquier vestido. Este accesorio vers\u00e1til y artesanal realza escotes en la espalda o detalles del dise\u00f1o, aportando textura, movimiento y un aire rom\u00e1ntico.<\/p>","protected":false},"featured_media":5691,"template":"","meta":[],"product_brand":[],"product_cat":[32],"product_tag":[],"class_list":{"0":"post-5689","1":"product","2":"type-product","3":"status-publish","4":"has-post-thumbnail","6":"product_cat-velos-y-capas","7":"product_shipping_class-caja-pequena","9":"first","10":"instock","11":"shipping-taxable","12":"purchasable","13":"product-type-simple"},"aioseo_notices":[],"_links":{"self":[{"href":"https:\/\/dahianvelasquez.com\/en\/wp-json\/wp\/v2\/product\/5689","targetHints":{"allow":["GET"]}}],"collection":[{"href":"https:\/\/dahianvelasquez.com\/en\/wp-json\/wp\/v2\/product"}],"about":[{"href":"https:\/\/dahianvelasquez.com\/en\/wp-json\/wp\/v2\/types\/product"}],"wp:featuredmedia":[{"embeddable":true,"href":"https:\/\/dahianvelasquez.com\/en\/wp-json\/wp\/v2\/media\/5691"}],"wp:attachment":[{"href":"https:\/\/dahianvelasquez.com\/en\/wp-json\/wp\/v2\/media?parent=5689"}],"wp:term":[{"taxonomy":"product_brand","embeddable":true,"href":"https:\/\/dahianvelasquez.com\/en\/wp-json\/wp\/v2\/product_brand?post=5689"},{"taxonomy":"product_cat","embeddable":true,"href":"https:\/\/dahianvelasquez.com\/en\/wp-json\/wp\/v2\/product_cat?post=5689"},{"taxonomy":"product_tag","embeddable":true,"href":"https:\/\/dahianvelasquez.com\/en\/wp-json\/wp\/v2\/product_tag?post=5689"}],"curies":[{"name":"wp","href":"https:\/\/api.w.org\/{rel}","templated":true}]}}