{"id":5678,"date":"2025-11-27T18:16:16","date_gmt":"2025-11-27T18:16:16","guid":{"rendered":"https:\/\/dahianvelasquez.com\/?post_type=product&#038;p=5678"},"modified":"2026-01-25T16:26:41","modified_gmt":"2026-01-25T16:26:41","slug":"velo-eter","status":"publish","type":"product","link":"https:\/\/dahianvelasquez.com\/en\/product\/velo-eter\/","title":{"rendered":"Velo Eter"},"content":{"rendered":"<p>Velo Elaborado en tul con un ligero brillo satinado que aporta volumen y movimiento sutil. Decorado con delicados motivos org\u00e1nicos de flores y hojas bordados en hilo ivory, y acentos de pedrer\u00eda suelta que capturan la luz con naturalidad.<\/p>\n<p>Con una peineta transparente que permite adaptarlo f\u00e1cilmente al peinado, este dise\u00f1o et\u00e9reo y sofisticado realza cualquier vestido de novia con un acabado elegante y moderno.<\/p>\n<p><b>Color:<\/b> Ivory<br \/>\n<b>Material:<\/b> Tul con brillo satinado, hilo ivory y pedrer\u00eda artesanal<br \/>\n<b>Largo:<\/b>Hasta los dedos<br \/>\n<b>Hecho a mano en Colombia<\/b><\/p>\n<ul>\n<li>Medidas: 90cm x 1.10m<\/li>\n<\/ul>\n<p>Hecho a mano en Colombia.<\/p>","protected":false},"excerpt":{"rendered":"<p>Velo Elaborado en tul con un ligero brillo satinado que aporta volumen y movimiento sutil. Decorado con delicados motivos org\u00e1nicos de flores y hojas bordados en hilo ivory, y acentos de pedrer\u00eda suelta que capturan la luz con naturalidad.<\/p>","protected":false},"featured_media":5679,"template":"","meta":[],"product_brand":[],"product_cat":[32],"product_tag":[],"class_list":{"0":"post-5678","1":"product","2":"type-product","3":"status-publish","4":"has-post-thumbnail","6":"product_cat-velos-y-capas","7":"product_shipping_class-caja-pequena","9":"first","10":"instock","11":"shipping-taxable","12":"purchasable","13":"product-type-simple"},"aioseo_notices":[],"_links":{"self":[{"href":"https:\/\/dahianvelasquez.com\/en\/wp-json\/wp\/v2\/product\/5678","targetHints":{"allow":["GET"]}}],"collection":[{"href":"https:\/\/dahianvelasquez.com\/en\/wp-json\/wp\/v2\/product"}],"about":[{"href":"https:\/\/dahianvelasquez.com\/en\/wp-json\/wp\/v2\/types\/product"}],"wp:featuredmedia":[{"embeddable":true,"href":"https:\/\/dahianvelasquez.com\/en\/wp-json\/wp\/v2\/media\/5679"}],"wp:attachment":[{"href":"https:\/\/dahianvelasquez.com\/en\/wp-json\/wp\/v2\/media?parent=5678"}],"wp:term":[{"taxonomy":"product_brand","embeddable":true,"href":"https:\/\/dahianvelasquez.com\/en\/wp-json\/wp\/v2\/product_brand?post=5678"},{"taxonomy":"product_cat","embeddable":true,"href":"https:\/\/dahianvelasquez.com\/en\/wp-json\/wp\/v2\/product_cat?post=5678"},{"taxonomy":"product_tag","embeddable":true,"href":"https:\/\/dahianvelasquez.com\/en\/wp-json\/wp\/v2\/product_tag?post=5678"}],"curies":[{"name":"wp","href":"https:\/\/api.w.org\/{rel}","templated":true}]}}