{"id":5668,"date":"2025-11-27T17:24:45","date_gmt":"2025-11-27T17:24:45","guid":{"rendered":"https:\/\/dahianvelasquez.com\/?post_type=product&#038;p=5668"},"modified":"2026-01-25T16:27:14","modified_gmt":"2026-01-25T16:27:14","slug":"velo-edele","status":"publish","type":"product","link":"https:\/\/dahianvelasquez.com\/en\/product\/velo-edele\/","title":{"rendered":"Velo Edele"},"content":{"rendered":"<p>Velo elaborado en tul suave, sin recogido. Decorado con delicados motivos\u00a0 en hilo mate de ramas que recorren el borde, acompa\u00f1ado de pedrer\u00eda suelta que aporta destellos sutiles. Su dise\u00f1o et\u00e9reo y ligero enmarca con elegancia el vestido, a\u00f1adiendo un toque \u00fanico y refinado al look nupcial.<\/p>\n<p><b>Color : <\/b>Ivory<br \/>\n<b>Material:<\/b> Tul suave<br \/>\n<b>Largo: <\/b>Hasta los dedos<\/p>\n<p><b>Hecho a mano en Colombia<\/b><\/p>\n<ul>\n<li>Medidas: 1,10 x 1,50 m<\/li>\n<\/ul>\n<p>Hecho a mano en Colombia.<\/p>","protected":false},"excerpt":{"rendered":"<p>Velo elaborado en tul suave, sin recogido. Decorado con delicados motivos\u00a0 en hilo mate de ramas que recorren el borde, acompa\u00f1ado de pedrer\u00eda suelta que aporta destellos sutiles. Su dise\u00f1o et\u00e9reo y ligero enmarca con elegancia el vestido, a\u00f1adiendo un toque \u00fanico y refinado al look nupcial.<\/p>","protected":false},"featured_media":5669,"template":"","meta":[],"product_brand":[],"product_cat":[32],"product_tag":[],"class_list":{"0":"post-5668","1":"product","2":"type-product","3":"status-publish","4":"has-post-thumbnail","6":"product_cat-velos-y-capas","7":"product_shipping_class-caja-pequena","9":"first","10":"instock","11":"shipping-taxable","12":"purchasable","13":"product-type-simple"},"aioseo_notices":[],"_links":{"self":[{"href":"https:\/\/dahianvelasquez.com\/en\/wp-json\/wp\/v2\/product\/5668","targetHints":{"allow":["GET"]}}],"collection":[{"href":"https:\/\/dahianvelasquez.com\/en\/wp-json\/wp\/v2\/product"}],"about":[{"href":"https:\/\/dahianvelasquez.com\/en\/wp-json\/wp\/v2\/types\/product"}],"wp:featuredmedia":[{"embeddable":true,"href":"https:\/\/dahianvelasquez.com\/en\/wp-json\/wp\/v2\/media\/5669"}],"wp:attachment":[{"href":"https:\/\/dahianvelasquez.com\/en\/wp-json\/wp\/v2\/media?parent=5668"}],"wp:term":[{"taxonomy":"product_brand","embeddable":true,"href":"https:\/\/dahianvelasquez.com\/en\/wp-json\/wp\/v2\/product_brand?post=5668"},{"taxonomy":"product_cat","embeddable":true,"href":"https:\/\/dahianvelasquez.com\/en\/wp-json\/wp\/v2\/product_cat?post=5668"},{"taxonomy":"product_tag","embeddable":true,"href":"https:\/\/dahianvelasquez.com\/en\/wp-json\/wp\/v2\/product_tag?post=5668"}],"curies":[{"name":"wp","href":"https:\/\/api.w.org\/{rel}","templated":true}]}}