{"id":5664,"date":"2025-11-27T17:16:45","date_gmt":"2025-11-27T17:16:45","guid":{"rendered":"https:\/\/dahianvelasquez.com\/?post_type=product&#038;p=5664"},"modified":"2026-01-25T16:27:29","modified_gmt":"2026-01-25T16:27:29","slug":"liga-eclat","status":"publish","type":"product","link":"https:\/\/dahianvelasquez.com\/en\/product\/liga-eclat\/","title":{"rendered":"Liga Eclat"},"content":{"rendered":"<p>Liga elaborada en delicado encaje con base en hilo ivory, realzada con aplicaciones bordadas a mano en pedrer\u00eda, mostacillas y peque\u00f1as flores en tela. Su dise\u00f1o combina tradici\u00f3n y modernidad, logrando un equilibrio entre lo rom\u00e1ntico y lo contempor\u00e1neo.\u00a0El el\u00e1stico posterior permite un ajuste c\u00f3modo y seguro al contorno de la pierna. Ideal para novias que buscan un detalle artesanal.<\/p>\n<p><b>Color:<\/b> Ivory, puedes solicitarla con un toque de pedrer\u00eda azul, siguiendo la tradici\u00f3n del <i>something blue<\/i>.<br \/>\n<strong>Material:<\/strong> Encaje en hilo, elastico forrado en seda, pedreria cristal.<\/p>\n<ul>\n<li>Medidas: 40-45 cm de contorno. Ancho encaje 3cm.<\/li>\n<\/ul>\n<p><b>Hecho a mano en Colombia<br \/>\nTalla:<\/b> \u00danica.<\/p>\n<p>&nbsp;<\/p>","protected":false},"excerpt":{"rendered":"<p>Liga elaborada en delicado encaje con base en hilo ivory, realzada con aplicaciones bordadas a mano en pedrer\u00eda, mostacillas y peque\u00f1as flores en tela. Su dise\u00f1o combina tradici\u00f3n y modernidad, logrando un equilibrio entre lo rom\u00e1ntico y lo contempor\u00e1neo.<\/p>","protected":false},"featured_media":5665,"template":"","meta":[],"product_brand":[],"product_cat":[31],"product_tag":[],"class_list":{"0":"post-5664","1":"product","2":"type-product","3":"status-publish","4":"has-post-thumbnail","6":"product_cat-ligas-novia","7":"product_shipping_class-caja-pequena","9":"first","10":"instock","11":"shipping-taxable","12":"purchasable","13":"product-type-simple"},"aioseo_notices":[],"_links":{"self":[{"href":"https:\/\/dahianvelasquez.com\/en\/wp-json\/wp\/v2\/product\/5664","targetHints":{"allow":["GET"]}}],"collection":[{"href":"https:\/\/dahianvelasquez.com\/en\/wp-json\/wp\/v2\/product"}],"about":[{"href":"https:\/\/dahianvelasquez.com\/en\/wp-json\/wp\/v2\/types\/product"}],"wp:featuredmedia":[{"embeddable":true,"href":"https:\/\/dahianvelasquez.com\/en\/wp-json\/wp\/v2\/media\/5665"}],"wp:attachment":[{"href":"https:\/\/dahianvelasquez.com\/en\/wp-json\/wp\/v2\/media?parent=5664"}],"wp:term":[{"taxonomy":"product_brand","embeddable":true,"href":"https:\/\/dahianvelasquez.com\/en\/wp-json\/wp\/v2\/product_brand?post=5664"},{"taxonomy":"product_cat","embeddable":true,"href":"https:\/\/dahianvelasquez.com\/en\/wp-json\/wp\/v2\/product_cat?post=5664"},{"taxonomy":"product_tag","embeddable":true,"href":"https:\/\/dahianvelasquez.com\/en\/wp-json\/wp\/v2\/product_tag?post=5664"}],"curies":[{"name":"wp","href":"https:\/\/api.w.org\/{rel}","templated":true}]}}