{"id":5654,"date":"2025-11-27T14:35:36","date_gmt":"2025-11-27T14:35:36","guid":{"rendered":"https:\/\/dahianvelasquez.com\/?post_type=product&#038;p=5654"},"modified":"2026-01-25T16:27:54","modified_gmt":"2026-01-25T16:27:54","slug":"pines-golden","status":"publish","type":"product","link":"https:\/\/dahianvelasquez.com\/en\/product\/pines-golden\/","title":{"rendered":"Pines Golden"},"content":{"rendered":"<p>Conjunto de 4 pines elaborados artesanalmente en t\u00e9cnica de alambrismo, con estructura met\u00e1lica y alambre en ba\u00f1o de oro. Cada pieza combina delicadas flores tejidas en mostacilla, cristales transparentes y perlas, creando una composici\u00f3n ligera, elegante y de inspiraci\u00f3n natural.<\/p>\n<p>Su dise\u00f1o vers\u00e1til permite distribuirlos en peinados recogidos o integrarlos en trenzas, aportando un toque de brillo y sofisticaci\u00f3n.<\/p>\n<p><b>Color:<\/b> Flores doradas y ivory, Perlas, mostacillas color cristal\u00a0 alambre ba\u00f1o en oro. Puedes pedirlo en PRE-ORDEN en color oro rosa o plateado<\/p>\n<ul>\n<li>Medidas: 4 pines de 5cm<\/li>\n<\/ul>\n<p>Hecho a mano en Colombia.<\/p>","protected":false},"excerpt":{"rendered":"<p>Conjunto de 4 pines elaborados artesanalmente en t\u00e9cnica de alambrismo, con estructura met\u00e1lica y alambre en ba\u00f1o de oro. Cada pieza combina delicadas flores tejidas en mostacilla, cristales transparentes y perlas, creando una composici\u00f3n ligera, elegante y de inspiraci\u00f3n natural.<\/p>","protected":false},"featured_media":5655,"template":"","meta":[],"product_brand":[],"product_cat":[30],"product_tag":[],"class_list":{"0":"post-5654","1":"product","2":"type-product","3":"status-publish","4":"has-post-thumbnail","6":"product_cat-tocados-y-accesorios-para-el-cabello","7":"product_shipping_class-caja-pequena","9":"first","10":"instock","11":"shipping-taxable","12":"purchasable","13":"product-type-simple"},"aioseo_notices":[],"_links":{"self":[{"href":"https:\/\/dahianvelasquez.com\/en\/wp-json\/wp\/v2\/product\/5654","targetHints":{"allow":["GET"]}}],"collection":[{"href":"https:\/\/dahianvelasquez.com\/en\/wp-json\/wp\/v2\/product"}],"about":[{"href":"https:\/\/dahianvelasquez.com\/en\/wp-json\/wp\/v2\/types\/product"}],"wp:featuredmedia":[{"embeddable":true,"href":"https:\/\/dahianvelasquez.com\/en\/wp-json\/wp\/v2\/media\/5655"}],"wp:attachment":[{"href":"https:\/\/dahianvelasquez.com\/en\/wp-json\/wp\/v2\/media?parent=5654"}],"wp:term":[{"taxonomy":"product_brand","embeddable":true,"href":"https:\/\/dahianvelasquez.com\/en\/wp-json\/wp\/v2\/product_brand?post=5654"},{"taxonomy":"product_cat","embeddable":true,"href":"https:\/\/dahianvelasquez.com\/en\/wp-json\/wp\/v2\/product_cat?post=5654"},{"taxonomy":"product_tag","embeddable":true,"href":"https:\/\/dahianvelasquez.com\/en\/wp-json\/wp\/v2\/product_tag?post=5654"}],"curies":[{"name":"wp","href":"https:\/\/api.w.org\/{rel}","templated":true}]}}