{"id":5652,"date":"2025-11-27T14:31:52","date_gmt":"2025-11-27T14:31:52","guid":{"rendered":"https:\/\/dahianvelasquez.com\/?post_type=product&#038;p=5652"},"modified":"2026-01-25T16:28:01","modified_gmt":"2026-01-25T16:28:01","slug":"pines-flor","status":"publish","type":"product","link":"https:\/\/dahianvelasquez.com\/en\/product\/pines-flor\/","title":{"rendered":"Pines Flor"},"content":{"rendered":"<p>Conjunto de tres pines elaborados a mano en t\u00e9cnica de alambrismo, con estructura met\u00e1lica y alambre en ba\u00f1o de plata. Cada pieza combina delicadas flores en porcelana fr\u00eda con peque\u00f1as perlas, cristales transparentes y hojas tejidas en mostacilla , creando una composici\u00f3n ligera y natural.<\/p>\n<p>Su dise\u00f1o vers\u00e1til permite usarlos distribuidos en peinados recogidos, semi recogidos o con ondas suaves, aportando un brillo sutil y una textura org\u00e1nica que complementa distintos estilos de novia, desde lo cl\u00e1sico hasta lo contempor\u00e1neo.<\/p>\n<p><strong>T\u00e9cnica<\/strong>: Alambrismo hecho a mano\u00a0 por nuestras artesanas.<br \/>\n<b>Color:<\/b> Flores ivory, Perlas, mostacillas color cristal\u00a0 alambre ba\u00f1o en plata. Puedes pedirlo en PRE-ORDEN en color oro rosa o dorado.<\/p>\n<ul>\n<li>Medidas: 2 pines de 5cm + 1 pin 3cm (medida aplique)<br \/>\nhebilla medida: 5cm<\/li>\n<\/ul>\n<p>Hecho a mano en Colombia.<\/p>","protected":false},"excerpt":{"rendered":"<p>Conjunto de tres pines elaborados a mano en t\u00e9cnica de alambrismo, con estructura met\u00e1lica y alambre en ba\u00f1o de plata. Cada pieza combina delicadas flores en porcelana fr\u00eda con peque\u00f1as perlas, cristales transparentes y hojas tejidas en mostacilla , creando una composici\u00f3n liger<\/p>","protected":false},"featured_media":5653,"template":"","meta":[],"product_brand":[],"product_cat":[30],"product_tag":[],"class_list":{"0":"post-5652","1":"product","2":"type-product","3":"status-publish","4":"has-post-thumbnail","6":"product_cat-tocados-y-accesorios-para-el-cabello","7":"product_shipping_class-caja-pequena","9":"first","10":"instock","11":"shipping-taxable","12":"purchasable","13":"product-type-simple"},"aioseo_notices":[],"_links":{"self":[{"href":"https:\/\/dahianvelasquez.com\/en\/wp-json\/wp\/v2\/product\/5652","targetHints":{"allow":["GET"]}}],"collection":[{"href":"https:\/\/dahianvelasquez.com\/en\/wp-json\/wp\/v2\/product"}],"about":[{"href":"https:\/\/dahianvelasquez.com\/en\/wp-json\/wp\/v2\/types\/product"}],"wp:featuredmedia":[{"embeddable":true,"href":"https:\/\/dahianvelasquez.com\/en\/wp-json\/wp\/v2\/media\/5653"}],"wp:attachment":[{"href":"https:\/\/dahianvelasquez.com\/en\/wp-json\/wp\/v2\/media?parent=5652"}],"wp:term":[{"taxonomy":"product_brand","embeddable":true,"href":"https:\/\/dahianvelasquez.com\/en\/wp-json\/wp\/v2\/product_brand?post=5652"},{"taxonomy":"product_cat","embeddable":true,"href":"https:\/\/dahianvelasquez.com\/en\/wp-json\/wp\/v2\/product_cat?post=5652"},{"taxonomy":"product_tag","embeddable":true,"href":"https:\/\/dahianvelasquez.com\/en\/wp-json\/wp\/v2\/product_tag?post=5652"}],"curies":[{"name":"wp","href":"https:\/\/api.w.org\/{rel}","templated":true}]}}