{"id":5635,"date":"2025-11-27T17:01:24","date_gmt":"2025-11-27T17:01:24","guid":{"rendered":"https:\/\/dahianvelasquez.com\/?post_type=product&#038;p=5635"},"modified":"2026-01-25T16:27:48","modified_gmt":"2026-01-25T16:27:48","slug":"liga-fiora","status":"publish","type":"product","link":"https:\/\/dahianvelasquez.com\/en\/product\/liga-fiora\/","title":{"rendered":"Liga Fiora"},"content":{"rendered":"<p>Liga elaborada con decoraci\u00f3n en hilo ivory y detalles sutiles de pedrer\u00eda. Su el\u00e1stico interno asegura un ajuste c\u00f3modo y perfecto al contorno de la pierna. Una versi\u00f3n delicada y moderna de la tradicional liga nupcial,<\/p>\n<p><b>Color:<\/b> Ivory, puedes solicitarla en preorden con un toque de pedrer\u00eda azul, siguiendo la tradici\u00f3n del <i>something blue<\/i>.<\/p>\n<ul>\n<li>Material: Tul suave, flores en hilo<\/li>\n<\/ul>\n<p><b>Hecho a mano en Colombia<br \/>\nTalla:<\/b> \u00danica<\/p>","protected":false},"excerpt":{"rendered":"<p>Liga elaborada con decoraci\u00f3n en hilo ivory y detalles sutiles de pedrer\u00eda. Su el\u00e1stico interno asegura un ajuste c\u00f3modo y perfecto al contorno de la pierna. Una versi\u00f3n delicada y moderna de la tradicional liga nupcial.<\/p>","protected":false},"featured_media":5659,"template":"","meta":[],"product_brand":[],"product_cat":[31],"product_tag":[],"class_list":{"0":"post-5635","1":"product","2":"type-product","3":"status-publish","4":"has-post-thumbnail","6":"product_cat-ligas-novia","7":"product_shipping_class-caja-pequena","9":"first","10":"instock","11":"shipping-taxable","12":"purchasable","13":"product-type-simple"},"aioseo_notices":[],"_links":{"self":[{"href":"https:\/\/dahianvelasquez.com\/en\/wp-json\/wp\/v2\/product\/5635","targetHints":{"allow":["GET"]}}],"collection":[{"href":"https:\/\/dahianvelasquez.com\/en\/wp-json\/wp\/v2\/product"}],"about":[{"href":"https:\/\/dahianvelasquez.com\/en\/wp-json\/wp\/v2\/types\/product"}],"wp:featuredmedia":[{"embeddable":true,"href":"https:\/\/dahianvelasquez.com\/en\/wp-json\/wp\/v2\/media\/5659"}],"wp:attachment":[{"href":"https:\/\/dahianvelasquez.com\/en\/wp-json\/wp\/v2\/media?parent=5635"}],"wp:term":[{"taxonomy":"product_brand","embeddable":true,"href":"https:\/\/dahianvelasquez.com\/en\/wp-json\/wp\/v2\/product_brand?post=5635"},{"taxonomy":"product_cat","embeddable":true,"href":"https:\/\/dahianvelasquez.com\/en\/wp-json\/wp\/v2\/product_cat?post=5635"},{"taxonomy":"product_tag","embeddable":true,"href":"https:\/\/dahianvelasquez.com\/en\/wp-json\/wp\/v2\/product_tag?post=5635"}],"curies":[{"name":"wp","href":"https:\/\/api.w.org\/{rel}","templated":true}]}}