{"id":1037,"date":"2024-12-05T10:49:19","date_gmt":"2024-12-05T10:49:19","guid":{"rendered":"http:\/\/page.dahianvelasquez.ch\/?page_id=1037"},"modified":"2025-06-29T18:37:20","modified_gmt":"2025-06-29T18:37:20","slug":"quienes-somos","status":"publish","type":"page","link":"https:\/\/dahianvelasquez.com\/en\/quienes-somos\/","title":{"rendered":"About Us"},"content":{"rendered":"<div data-elementor-type=\"wp-page\" data-elementor-id=\"1037\" class=\"elementor elementor-1037\" data-elementor-post-type=\"page\">\n\t\t\t\t<div class=\"elementor-element elementor-element-e68cd5b e-flex e-con-boxed e-con e-parent\" data-id=\"e68cd5b\" data-element_type=\"container\" data-e-type=\"container\">\n\t\t\t\t\t<div class=\"e-con-inner\">\n\t\t\t\t<div class=\"elementor-element elementor-element-f1607f8 elementor-widget elementor-widget-spacer\" data-id=\"f1607f8\" data-element_type=\"widget\" data-e-type=\"widget\" data-widget_type=\"spacer.default\">\n\t\t\t\t<div class=\"elementor-widget-container\">\n\t\t\t\t\t\t\t<div class=\"elementor-spacer\">\n\t\t\t<div class=\"elementor-spacer-inner\"><\/div>\n\t\t<\/div>\n\t\t\t\t\t\t<\/div>\n\t\t\t\t<\/div>\n\t\t\t\t<div class=\"elementor-element elementor-element-24f8dc5 elementor-widget elementor-widget-heading\" data-id=\"24f8dc5\" data-element_type=\"widget\" data-e-type=\"widget\" data-widget_type=\"heading.default\">\n\t\t\t\t<div class=\"elementor-widget-container\">\n\t\t\t\t\t<h2 class=\"elementor-heading-title elementor-size-default\">About Us<\/h2>\t\t\t\t<\/div>\n\t\t\t\t<\/div>\n\t\t\t\t<div class=\"elementor-element elementor-element-fd1d847 elementor-widget-divider--view-line elementor-widget elementor-widget-divider\" data-id=\"fd1d847\" data-element_type=\"widget\" data-e-type=\"widget\" data-widget_type=\"divider.default\">\n\t\t\t\t<div class=\"elementor-widget-container\">\n\t\t\t\t\t\t\t<div class=\"elementor-divider\">\n\t\t\t<span class=\"elementor-divider-separator\">\n\t\t\t\t\t\t<\/span>\n\t\t<\/div>\n\t\t\t\t\t\t<\/div>\n\t\t\t\t<\/div>\n\t\t\t\t<div class=\"elementor-element elementor-element-c2a9d36 elementor-widget elementor-widget-text-editor\" data-id=\"c2a9d36\" data-element_type=\"widget\" data-e-type=\"widget\" data-widget_type=\"text-editor.default\">\n\t\t\t\t<div class=\"elementor-widget-container\">\n\t\t\t\t\t\t\t\t\t<p>We create your made-to-measure dress.<\/p>\t\t\t\t\t\t\t\t<\/div>\n\t\t\t\t<\/div>\n\t\t\t\t<div class=\"elementor-element elementor-element-8eeba4a elementor-widget elementor-widget-woocommerce-breadcrumb\" data-id=\"8eeba4a\" data-element_type=\"widget\" data-e-type=\"widget\" data-widget_type=\"woocommerce-breadcrumb.default\">\n\t\t\t\t<div class=\"elementor-widget-container\">\n\t\t\t\t\t<nav class=\"woocommerce-breadcrumb\" aria-label=\"Breadcrumb\" data-no-translation=\"\" data-trp-gettext=\"\">Home<\/nav>\t\t\t\t<\/div>\n\t\t\t\t<\/div>\n\t\t\t\t\t<\/div>\n\t\t\t\t<\/div>\n\t\t<div class=\"elementor-element elementor-element-616dcca e-flex e-con-boxed e-con e-parent\" data-id=\"616dcca\" data-element_type=\"container\" data-e-type=\"container\">\n\t\t\t\t\t<div class=\"e-con-inner\">\n\t\t<div class=\"elementor-element elementor-element-3c6f7ab e-con-full e-flex e-con e-child\" data-id=\"3c6f7ab\" data-element_type=\"container\" data-e-type=\"container\">\n\t\t\t\t<div class=\"elementor-element elementor-element-3e417f7 elementor-widget elementor-widget-heading\" data-id=\"3e417f7\" data-element_type=\"widget\" data-e-type=\"widget\" data-widget_type=\"heading.default\">\n\t\t\t\t<div class=\"elementor-widget-container\">\n\t\t\t\t\t<h2 class=\"elementor-heading-title elementor-size-default\">MEET DAHIAN<\/h2>\t\t\t\t<\/div>\n\t\t\t\t<\/div>\n\t\t\t\t<div class=\"elementor-element elementor-element-67c76a7 elementor-widget elementor-widget-text-editor\" data-id=\"67c76a7\" data-element_type=\"widget\" data-e-type=\"widget\" data-widget_type=\"text-editor.default\">\n\t\t\t\t<div class=\"elementor-widget-container\">\n\t\t\t\t\t\t\t\t\t<p><strong>Dahian Vel\u00e1squez understands that true luxury lies in the finest materials, the technical precision of design, and the art of celebrating each woman\u2019s uniqueness.<\/strong><\/p><p><strong>Each journey and experience has left a mark on the creative approach of her brand.<\/strong><\/p><p>Dahian has drawn inspiration from a rich tapestry of cultures, journeying from her native Colombia to global fashion capitals such as New York, Shanghai, and across Europe, as well as the creative landscapes of New Zealand and Brazil. <br \/>Her passion for fashion led her to study at the Istituto Europeo di Design in Barcelona and refine her craft in Milan. Her creative vision and ability to lead large-scale projects have been fundamental to her growth as a designer. A defining moment in her career came when the prestigious textile house Jakob Schl\u00e4pfer St. Gallen sponsored her thesis, deepening her fascination with exclusive, haute couture fabrics that have since become signature elements of her collections. Among these pivotal experiences, one stands out \u2014 the creation of a wedding gown in less than two weeks, a challenge through which she discovered her true calling in bridal couture.<br \/><strong>In 2016,<\/strong> Dahian Vel\u00e1squez established her atelier based in <strong>Bogot\u00e1 boutique<\/strong> together with her sister <strong>Viviana Vel\u00e1squez,<\/strong> co-founder and current director of the firm for Latin America<\/p>\t\t\t\t\t\t\t\t<\/div>\n\t\t\t\t<\/div>\n\t\t\t\t<\/div>\n\t\t<div class=\"elementor-element elementor-element-0805f4a e-con-full e-flex e-con e-child\" data-id=\"0805f4a\" data-element_type=\"container\" data-e-type=\"container\">\n\t\t\t\t<div class=\"elementor-element elementor-element-2be4a08 elementor-widget elementor-widget-image\" data-id=\"2be4a08\" data-element_type=\"widget\" data-e-type=\"widget\" data-widget_type=\"image.default\">\n\t\t\t\t<div class=\"elementor-widget-container\">\n\t\t\t\t\t\t\t\t\t\t\t\t\t\t\t<img fetchpriority=\"high\" decoding=\"async\" width=\"754\" height=\"1024\" src=\"https:\/\/dahianvelasquez.com\/wp-content\/uploads\/2024\/12\/788d629afb8efb56edbb4d9add30c104-754x1024.jpg\" class=\"attachment-large size-large wp-image-1049\" alt=\"\" srcset=\"https:\/\/dahianvelasquez.com\/wp-content\/uploads\/2024\/12\/788d629afb8efb56edbb4d9add30c104-754x1024.jpg 754w, https:\/\/dahianvelasquez.com\/wp-content\/uploads\/2024\/12\/788d629afb8efb56edbb4d9add30c104-scaled-450x611.jpg 450w, https:\/\/dahianvelasquez.com\/wp-content\/uploads\/2024\/12\/788d629afb8efb56edbb4d9add30c104-scaled-800x1086.jpg 800w, https:\/\/dahianvelasquez.com\/wp-content\/uploads\/2024\/12\/788d629afb8efb56edbb4d9add30c104-221x300.jpg 221w, https:\/\/dahianvelasquez.com\/wp-content\/uploads\/2024\/12\/788d629afb8efb56edbb4d9add30c104-768x1043.jpg 768w, https:\/\/dahianvelasquez.com\/wp-content\/uploads\/2024\/12\/788d629afb8efb56edbb4d9add30c104-1131x1536.jpg 1131w, https:\/\/dahianvelasquez.com\/wp-content\/uploads\/2024\/12\/788d629afb8efb56edbb4d9add30c104-1509x2048.jpg 1509w, https:\/\/dahianvelasquez.com\/wp-content\/uploads\/2024\/12\/788d629afb8efb56edbb4d9add30c104-scaled.jpg 1886w\" sizes=\"(max-width: 754px) 100vw, 754px\" \/>\t\t\t\t\t\t\t\t\t\t\t\t\t\t\t<\/div>\n\t\t\t\t<\/div>\n\t\t\t\t<\/div>\n\t\t\t\t\t<\/div>\n\t\t\t\t<\/div>\n\t\t<div class=\"elementor-element elementor-element-112128c e-flex e-con-boxed e-con e-parent\" data-id=\"112128c\" data-element_type=\"container\" data-e-type=\"container\">\n\t\t\t\t\t<div class=\"e-con-inner\">\n\t\t\t\t<div class=\"elementor-element elementor-element-e650dd0 elementor-widget elementor-widget-heading\" data-id=\"e650dd0\" data-element_type=\"widget\" data-e-type=\"widget\" data-widget_type=\"heading.default\">\n\t\t\t\t<div class=\"elementor-widget-container\">\n\t\t\t\t\t<h2 class=\"elementor-heading-title elementor-size-default\">OPENING IN ZURICH<\/h2>\t\t\t\t<\/div>\n\t\t\t\t<\/div>\n\t\t\t\t<div class=\"elementor-element elementor-element-832072d elementor-widget elementor-widget-text-editor\" data-id=\"832072d\" data-element_type=\"widget\" data-e-type=\"widget\" data-widget_type=\"text-editor.default\">\n\t\t\t\t<div class=\"elementor-widget-container\">\n\t\t\t\t\t\t\t\t\t<p>Located in the heart of Zurich\u2019s historic center and surrounded by iconic names such as Valentino, C\u00e9line, Herm\u00e8s, Akris, and Cartier, the boutique stands out for offering an intimate and personalized fashion experience.\n\nFor over four years, the house has welcomed brides from all around the world. Their weddings range from Sicilian-themed celebrations in Italy and elegant civil ceremonies in the city to traditional ceremonies in the East. Within this space, luxury is expressed not only through the artistry of each design but also through the time and meticulous attention that Dahian devotes to every bride.<\/p>\t\t\t\t\t\t\t\t<\/div>\n\t\t\t\t<\/div>\n\t\t\t\t\t<\/div>\n\t\t\t\t<\/div>\n\t\t<div class=\"elementor-element elementor-element-19caa38 e-flex e-con-boxed e-con e-parent\" data-id=\"19caa38\" data-element_type=\"container\" data-e-type=\"container\">\n\t\t\t\t\t<div class=\"e-con-inner\">\n\t\t<div class=\"elementor-element elementor-element-c7e0b2d e-con-full e-flex e-con e-child\" data-id=\"c7e0b2d\" data-element_type=\"container\" data-e-type=\"container\">\n\t\t\t\t<div class=\"elementor-element elementor-element-e60eca7 elementor-widget elementor-widget-image\" data-id=\"e60eca7\" data-element_type=\"widget\" data-e-type=\"widget\" data-widget_type=\"image.default\">\n\t\t\t\t<div class=\"elementor-widget-container\">\n\t\t\t\t\t\t\t\t\t\t\t\t\t\t\t<img decoding=\"async\" width=\"1080\" height=\"720\" src=\"https:\/\/dahianvelasquez.com\/wp-content\/uploads\/2024\/12\/a3253fa1e357ce13eb57b7a3ec6cc710.jpg\" class=\"attachment-full size-full wp-image-1056\" alt=\"\" srcset=\"https:\/\/dahianvelasquez.com\/wp-content\/uploads\/2024\/12\/a3253fa1e357ce13eb57b7a3ec6cc710.jpg 1080w, https:\/\/dahianvelasquez.com\/wp-content\/uploads\/2024\/12\/a3253fa1e357ce13eb57b7a3ec6cc710-450x300.jpg 450w, https:\/\/dahianvelasquez.com\/wp-content\/uploads\/2024\/12\/a3253fa1e357ce13eb57b7a3ec6cc710-800x533.jpg 800w, https:\/\/dahianvelasquez.com\/wp-content\/uploads\/2024\/12\/a3253fa1e357ce13eb57b7a3ec6cc710-300x200.jpg 300w, https:\/\/dahianvelasquez.com\/wp-content\/uploads\/2024\/12\/a3253fa1e357ce13eb57b7a3ec6cc710-1024x683.jpg 1024w, https:\/\/dahianvelasquez.com\/wp-content\/uploads\/2024\/12\/a3253fa1e357ce13eb57b7a3ec6cc710-768x512.jpg 768w\" sizes=\"(max-width: 1080px) 100vw, 1080px\" \/>\t\t\t\t\t\t\t\t\t\t\t\t\t\t\t<\/div>\n\t\t\t\t<\/div>\n\t\t\t\t<\/div>\n\t\t<div class=\"elementor-element elementor-element-de6457f e-con-full e-flex e-con e-child\" data-id=\"de6457f\" data-element_type=\"container\" data-e-type=\"container\">\n\t\t\t\t<div class=\"elementor-element elementor-element-f8fea38 elementor-widget elementor-widget-text-editor\" data-id=\"f8fea38\" data-element_type=\"widget\" data-e-type=\"widget\" data-widget_type=\"text-editor.default\">\n\t\t\t\t<div class=\"elementor-widget-container\">\n\t\t\t\t\t\t\t\t\t<p>\u201cMy greatest satisfaction as a designer is seeing how each gown becomes an extension of the bride\u2019s personality. Designing is an act of love \u2014 where every detail matters and every dream counts.\u201d\u00a0<\/p><p><strong>Dahian Vel\u00e1squez<\/strong><\/p>\t\t\t\t\t\t\t\t<\/div>\n\t\t\t\t<\/div>\n\t\t\t\t<div class=\"elementor-element elementor-element-99052d9 elementor-widget elementor-widget-text-editor\" data-id=\"99052d9\" data-element_type=\"widget\" data-e-type=\"widget\" data-widget_type=\"text-editor.default\">\n\t\t\t\t<div class=\"elementor-widget-container\">\n\t\t\t\t\t\t\t\t\t<p>\u201cPara nosotras, dise\u00f1ar un vestido de novia o de noche no tiene distinci\u00f3n en t\u00e9rminos de perfecci\u00f3n t\u00e9cnica y calidad de telas; sin embargo, cada creaci\u00f3n despierta una emoci\u00f3n \u00fanica en cada mujer\u201d.<br \/><strong>Viviana Velasquez, Co-fundadora.<\/strong><\/p>\t\t\t\t\t\t\t\t<\/div>\n\t\t\t\t<\/div>\n\t\t\t\t<div class=\"elementor-element elementor-element-d98461f elementor-align-left elementor-widget elementor-widget-button\" data-id=\"d98461f\" data-element_type=\"widget\" data-e-type=\"widget\" data-widget_type=\"button.default\">\n\t\t\t\t<div class=\"elementor-widget-container\">\n\t\t\t\t\t\t\t\t\t<div class=\"elementor-button-wrapper\">\n\t\t\t\t\t<a class=\"elementor-button elementor-button-link elementor-size-sm\" href=\"#\">\n\t\t\t\t\t\t<span class=\"elementor-button-content-wrapper\">\n\t\t\t\t\t\t\t\t\t<span class=\"elementor-button-text\">Go to Real Brides<\/span>\n\t\t\t\t\t<\/span>\n\t\t\t\t\t<\/a>\n\t\t\t\t<\/div>\n\t\t\t\t\t\t\t\t<\/div>\n\t\t\t\t<\/div>\n\t\t\t\t<\/div>\n\t\t\t\t\t<\/div>\n\t\t\t\t<\/div>\n\t\t<div class=\"elementor-element elementor-element-3cf25e2 e-con-full e-flex e-con e-parent\" data-id=\"3cf25e2\" data-element_type=\"container\" data-e-type=\"container\" data-settings=\"{&quot;background_background&quot;:&quot;classic&quot;}\">\n\t\t\t\t<div class=\"elementor-element elementor-element-d8f8d2f elementor-widget elementor-widget-spacer\" data-id=\"d8f8d2f\" data-element_type=\"widget\" data-e-type=\"widget\" data-widget_type=\"spacer.default\">\n\t\t\t\t<div class=\"elementor-widget-container\">\n\t\t\t\t\t\t\t<div class=\"elementor-spacer\">\n\t\t\t<div class=\"elementor-spacer-inner\"><\/div>\n\t\t<\/div>\n\t\t\t\t\t\t<\/div>\n\t\t\t\t<\/div>\n\t\t\t\t<div class=\"elementor-element elementor-element-b6553aa elementor-widget elementor-widget-heading\" data-id=\"b6553aa\" data-element_type=\"widget\" data-e-type=\"widget\" data-widget_type=\"heading.default\">\n\t\t\t\t<div class=\"elementor-widget-container\">\n\t\t\t\t\t<h2 class=\"elementor-heading-title elementor-size-default\">Our Commitment<\/h2>\t\t\t\t<\/div>\n\t\t\t\t<\/div>\n\t\t\t\t<div class=\"elementor-element elementor-element-6be792d elementor-widget elementor-widget-spacer\" data-id=\"6be792d\" data-element_type=\"widget\" data-e-type=\"widget\" data-widget_type=\"spacer.default\">\n\t\t\t\t<div class=\"elementor-widget-container\">\n\t\t\t\t\t\t\t<div class=\"elementor-spacer\">\n\t\t\t<div class=\"elementor-spacer-inner\"><\/div>\n\t\t<\/div>\n\t\t\t\t\t\t<\/div>\n\t\t\t\t<\/div>\n\t\t\t\t<div class=\"elementor-element elementor-element-887ef5c elementor-widget elementor-widget-text-editor\" data-id=\"887ef5c\" data-element_type=\"widget\" data-e-type=\"widget\" data-widget_type=\"text-editor.default\">\n\t\t\t\t<div class=\"elementor-widget-container\">\n\t\t\t\t\t\t\t\t\t<div class=\"flex-shrink-0 flex flex-col relative items-end\"><div class=\"pt-0\"><div class=\"gizmo-bot-avatar flex h-8 w-8 items-center justify-center overflow-hidden rounded-full\">At Dahian Vel\u00e1squez, we are guided by a philosophy that balances luxury and modernity, catering to the most discerning tastes. <br \/><br \/>Our Zurich headquarters provides us with direct access to the latest trends and a global perspective on the industry, while our atelier in Bogot\u00e1 preserves a deep connection to our roots and to our team of skilled artisans, who devote a minimum of three months to crafting each gown \u2014 adapting to the complexity and precision of every design.\n\nWe understand love through bridal fashion, creating and bringing to life timeless dresses inspired by real-life stories.<\/div><\/div><\/div>\t\t\t\t\t\t\t\t<\/div>\n\t\t\t\t<\/div>\n\t\t\t\t<div class=\"elementor-element elementor-element-c49437f elementor-widget elementor-widget-spacer\" data-id=\"c49437f\" data-element_type=\"widget\" data-e-type=\"widget\" data-widget_type=\"spacer.default\">\n\t\t\t\t<div class=\"elementor-widget-container\">\n\t\t\t\t\t\t\t<div class=\"elementor-spacer\">\n\t\t\t<div class=\"elementor-spacer-inner\"><\/div>\n\t\t<\/div>\n\t\t\t\t\t\t<\/div>\n\t\t\t\t<\/div>\n\t\t\t\t<\/div>\n\t\t<div class=\"elementor-element elementor-element-91fd38c e-flex e-con-boxed e-con e-parent\" data-id=\"91fd38c\" data-element_type=\"container\" data-e-type=\"container\">\n\t\t\t\t\t<div class=\"e-con-inner\">\n\t\t\t\t<div class=\"elementor-element elementor-element-5cb9042 elementor-widget elementor-widget-spacer\" data-id=\"5cb9042\" data-element_type=\"widget\" data-e-type=\"widget\" data-widget_type=\"spacer.default\">\n\t\t\t\t<div class=\"elementor-widget-container\">\n\t\t\t\t\t\t\t<div class=\"elementor-spacer\">\n\t\t\t<div class=\"elementor-spacer-inner\"><\/div>\n\t\t<\/div>\n\t\t\t\t\t\t<\/div>\n\t\t\t\t<\/div>\n\t\t\t\t<div class=\"elementor-element elementor-element-11cbb74 elementor-widget elementor-widget-text-editor\" data-id=\"11cbb74\" data-element_type=\"widget\" data-e-type=\"widget\" data-widget_type=\"text-editor.default\">\n\t\t\t\t<div class=\"elementor-widget-container\">\n\t\t\t\t\t\t\t\t\t<p>Everything is possible \u2014 brides beyond the scope of our Made-to-Order collections can request our Couture service, featuring bespoke creations and exclusive personalization. We listen to and guide each client, ensuring that every detail reflects her individual vision and essence.<\/p>\t\t\t\t\t\t\t\t<\/div>\n\t\t\t\t<\/div>\n\t\t\t\t<div class=\"elementor-element elementor-element-2e17d2c elementor-widget elementor-widget-spacer\" data-id=\"2e17d2c\" data-element_type=\"widget\" data-e-type=\"widget\" data-widget_type=\"spacer.default\">\n\t\t\t\t<div class=\"elementor-widget-container\">\n\t\t\t\t\t\t\t<div class=\"elementor-spacer\">\n\t\t\t<div class=\"elementor-spacer-inner\"><\/div>\n\t\t<\/div>\n\t\t\t\t\t\t<\/div>\n\t\t\t\t<\/div>\n\t\t\t\t\t<\/div>\n\t\t\t\t<\/div>\n\t\t<div class=\"elementor-element elementor-element-9d9ef66 e-con-full e-flex e-con e-parent\" data-id=\"9d9ef66\" data-element_type=\"container\" data-e-type=\"container\">\n\t\t<div class=\"elementor-element elementor-element-33d71ae e-con-full e-flex e-con e-child\" data-id=\"33d71ae\" data-element_type=\"container\" data-e-type=\"container\" data-settings=\"{&quot;background_background&quot;:&quot;classic&quot;}\">\n\t\t\t\t<div class=\"elementor-element elementor-element-73dcbdb elementor-widget elementor-widget-spacer\" data-id=\"73dcbdb\" data-element_type=\"widget\" data-e-type=\"widget\" data-widget_type=\"spacer.default\">\n\t\t\t\t<div class=\"elementor-widget-container\">\n\t\t\t\t\t\t\t<div class=\"elementor-spacer\">\n\t\t\t<div class=\"elementor-spacer-inner\"><\/div>\n\t\t<\/div>\n\t\t\t\t\t\t<\/div>\n\t\t\t\t<\/div>\n\t\t\t\t<div class=\"elementor-element elementor-element-4bb5621 elementor-widget elementor-widget-heading\" data-id=\"4bb5621\" data-element_type=\"widget\" data-e-type=\"widget\" data-widget_type=\"heading.default\">\n\t\t\t\t<div class=\"elementor-widget-container\">\n\t\t\t\t\t<h2 class=\"elementor-heading-title elementor-size-default\">CUSTOM-MADE GOWNS<\/h2>\t\t\t\t<\/div>\n\t\t\t\t<\/div>\n\t\t\t\t<div class=\"elementor-element elementor-element-30792e1 elementor-align-center elementor-widget elementor-widget-button\" data-id=\"30792e1\" data-element_type=\"widget\" data-e-type=\"widget\" data-widget_type=\"button.default\">\n\t\t\t\t<div class=\"elementor-widget-container\">\n\t\t\t\t\t\t\t\t\t<div class=\"elementor-button-wrapper\">\n\t\t\t\t\t<a class=\"elementor-button elementor-button-link elementor-size-sm\" href=\"#\">\n\t\t\t\t\t\t<span class=\"elementor-button-content-wrapper\">\n\t\t\t\t\t\t\t\t\t<span class=\"elementor-button-text\">Explore<\/span>\n\t\t\t\t\t<\/span>\n\t\t\t\t\t<\/a>\n\t\t\t\t<\/div>\n\t\t\t\t\t\t\t\t<\/div>\n\t\t\t\t<\/div>\n\t\t\t\t<\/div>\n\t\t<div class=\"elementor-element elementor-element-a415e7b e-con-full e-flex e-con e-child\" data-id=\"a415e7b\" data-element_type=\"container\" data-e-type=\"container\" data-settings=\"{&quot;background_background&quot;:&quot;classic&quot;}\">\n\t\t\t\t<div class=\"elementor-element elementor-element-c96fe8b elementor-widget elementor-widget-spacer\" data-id=\"c96fe8b\" data-element_type=\"widget\" data-e-type=\"widget\" data-widget_type=\"spacer.default\">\n\t\t\t\t<div class=\"elementor-widget-container\">\n\t\t\t\t\t\t\t<div class=\"elementor-spacer\">\n\t\t\t<div class=\"elementor-spacer-inner\"><\/div>\n\t\t<\/div>\n\t\t\t\t\t\t<\/div>\n\t\t\t\t<\/div>\n\t\t\t\t<div class=\"elementor-element elementor-element-d1f71b7 elementor-widget elementor-widget-heading\" data-id=\"d1f71b7\" data-element_type=\"widget\" data-e-type=\"widget\" data-widget_type=\"heading.default\">\n\t\t\t\t<div class=\"elementor-widget-container\">\n\t\t\t\t\t<h2 class=\"elementor-heading-title elementor-size-default\">REAL BRIDES<\/h2>\t\t\t\t<\/div>\n\t\t\t\t<\/div>\n\t\t\t\t<div class=\"elementor-element elementor-element-edcb3be elementor-align-center elementor-widget elementor-widget-button\" data-id=\"edcb3be\" data-element_type=\"widget\" data-e-type=\"widget\" data-widget_type=\"button.default\">\n\t\t\t\t<div class=\"elementor-widget-container\">\n\t\t\t\t\t\t\t\t\t<div class=\"elementor-button-wrapper\">\n\t\t\t\t\t<a class=\"elementor-button elementor-button-link elementor-size-sm\" href=\"#\">\n\t\t\t\t\t\t<span class=\"elementor-button-content-wrapper\">\n\t\t\t\t\t\t\t\t\t<span class=\"elementor-button-text\">Explore<\/span>\n\t\t\t\t\t<\/span>\n\t\t\t\t\t<\/a>\n\t\t\t\t<\/div>\n\t\t\t\t\t\t\t\t<\/div>\n\t\t\t\t<\/div>\n\t\t\t\t<\/div>\n\t\t\t\t<\/div>\n\t\t<div class=\"elementor-element elementor-element-e34ddfb e-flex e-con-boxed e-con e-parent\" data-id=\"e34ddfb\" data-element_type=\"container\" data-e-type=\"container\" data-settings=\"{&quot;background_background&quot;:&quot;classic&quot;}\">\n\t\t\t\t\t<div class=\"e-con-inner\">\n\t\t<div class=\"elementor-element elementor-element-2b2941a e-con-full e-flex e-con e-child\" data-id=\"2b2941a\" data-element_type=\"container\" data-e-type=\"container\">\n\t\t\t\t<div class=\"elementor-element elementor-element-dfaafe2 elementor-widget elementor-widget-heading\" data-id=\"dfaafe2\" data-element_type=\"widget\" data-e-type=\"widget\" data-widget_type=\"heading.default\">\n\t\t\t\t<div class=\"elementor-widget-container\">\n\t\t\t\t\t<h2 class=\"elementor-heading-title elementor-size-default\">Visit Our Showroom<\/h2>\t\t\t\t<\/div>\n\t\t\t\t<\/div>\n\t\t\t\t<div class=\"elementor-element elementor-element-c528226 elementor-align-left elementor-widget elementor-widget-button\" data-id=\"c528226\" data-element_type=\"widget\" data-e-type=\"widget\" data-widget_type=\"button.default\">\n\t\t\t\t<div class=\"elementor-widget-container\">\n\t\t\t\t\t\t\t\t\t<div class=\"elementor-button-wrapper\">\n\t\t\t\t\t<a class=\"elementor-button elementor-button-link elementor-size-sm\" href=\"https:\/\/dahianvelasquez.com\/en\/ubicaciones\/\">\n\t\t\t\t\t\t<span class=\"elementor-button-content-wrapper\">\n\t\t\t\t\t\t\t\t\t<span class=\"elementor-button-text\">Where to Find Us<\/span>\n\t\t\t\t\t<\/span>\n\t\t\t\t\t<\/a>\n\t\t\t\t<\/div>\n\t\t\t\t\t\t\t\t<\/div>\n\t\t\t\t<\/div>\n\t\t\t\t<\/div>\n\t\t<div class=\"elementor-element elementor-element-f0adb9d e-con-full e-flex e-con e-child\" data-id=\"f0adb9d\" data-element_type=\"container\" data-e-type=\"container\">\n\t\t\t\t<div class=\"elementor-element elementor-element-8f35ab7 elementor-widget elementor-widget-text-editor\" data-id=\"8f35ab7\" data-element_type=\"widget\" data-e-type=\"widget\" data-widget_type=\"text-editor.default\">\n\t\t\t\t<div class=\"elementor-widget-container\">\n\t\t\t\t\t\t\t\t\t<p><strong>Our showrooms are designed to make every experience unique. <\/strong>The bride is personally welcomed by an experienced stylist or even by the designer, and is offered an exclusive and private space.<\/p>\t\t\t\t\t\t\t\t<\/div>\n\t\t\t\t<\/div>\n\t\t\t\t<div class=\"elementor-element elementor-element-d90f094 elementor-icon-list--layout-traditional elementor-list-item-link-full_width elementor-widget elementor-widget-icon-list\" data-id=\"d90f094\" data-element_type=\"widget\" data-e-type=\"widget\" data-widget_type=\"icon-list.default\">\n\t\t\t\t<div class=\"elementor-widget-container\">\n\t\t\t\t\t\t\t<ul class=\"elementor-icon-list-items\">\n\t\t\t\t\t\t\t<li class=\"elementor-icon-list-item\">\n\t\t\t\t\t\t\t\t\t\t\t<span class=\"elementor-icon-list-icon\">\n\t\t\t\t\t\t\t<svg aria-hidden=\"true\" class=\"e-font-icon-svg e-fas-map-pin\" viewbox=\"0 0 288 512\" xmlns=\"http:\/\/www.w3.org\/2000\/svg\"><path d=\"M112 316.94v156.69l22.02 33.02c4.75 7.12 15.22 7.12 19.97 0L176 473.63V316.94c-10.39 1.92-21.06 3.06-32 3.06s-21.61-1.14-32-3.06zM144 0C64.47 0 0 64.47 0 144s64.47 144 144 144 144-64.47 144-144S223.53 0 144 0zm0 76c-37.5 0-68 30.5-68 68 0 6.62-5.38 12-12 12s-12-5.38-12-12c0-50.73 41.28-92 92-92 6.62 0 12 5.38 12 12s-5.38 12-12 12z\"><\/path><\/svg>\t\t\t\t\t\t<\/span>\n\t\t\t\t\t\t\t\t\t\t<span class=\"elementor-icon-list-text\">Cra 18a # 137-20 local 202 Cedritos. Bogota, Colombia.<\/span>\n\t\t\t\t\t\t\t\t\t<\/li>\n\t\t\t\t\t\t<\/ul>\n\t\t\t\t\t\t<\/div>\n\t\t\t\t<\/div>\n\t\t\t\t<\/div>\n\t\t\t\t\t<\/div>\n\t\t\t\t<\/div>\n\t\t\t\t<\/div>","protected":false},"excerpt":{"rendered":"<p>Quienes Somos Creamos tu vestido hecho a medida. CONOCE A DAHIAN Dahian Vel\u00e1squez entiende que el verdadero lujo se define por la calidad de los materiales, la precisi\u00f3n t\u00e9cnica en el dise\u00f1o y la capacidad de destacar la singularidad de cada mujer. Cada viaje y experiencia han dejado una huella en el enfoque creativo de [&hellip;]<\/p>\n","protected":false},"author":1,"featured_media":0,"parent":0,"menu_order":0,"comment_status":"closed","ping_status":"closed","template":"","meta":{"footnotes":""},"class_list":["post-1037","page","type-page","status-publish","hentry"],"_hostinger_reach_plugin_has_subscription_block":false,"_hostinger_reach_plugin_is_elementor":false,"_links":{"self":[{"href":"https:\/\/dahianvelasquez.com\/en\/wp-json\/wp\/v2\/pages\/1037","targetHints":{"allow":["GET"]}}],"collection":[{"href":"https:\/\/dahianvelasquez.com\/en\/wp-json\/wp\/v2\/pages"}],"about":[{"href":"https:\/\/dahianvelasquez.com\/en\/wp-json\/wp\/v2\/types\/page"}],"author":[{"embeddable":true,"href":"https:\/\/dahianvelasquez.com\/en\/wp-json\/wp\/v2\/users\/1"}],"replies":[{"embeddable":true,"href":"https:\/\/dahianvelasquez.com\/en\/wp-json\/wp\/v2\/comments?post=1037"}],"version-history":[{"count":110,"href":"https:\/\/dahianvelasquez.com\/en\/wp-json\/wp\/v2\/pages\/1037\/revisions"}],"predecessor-version":[{"id":3670,"href":"https:\/\/dahianvelasquez.com\/en\/wp-json\/wp\/v2\/pages\/1037\/revisions\/3670"}],"wp:attachment":[{"href":"https:\/\/dahianvelasquez.com\/en\/wp-json\/wp\/v2\/media?parent=1037"}],"curies":[{"name":"wp","href":"https:\/\/api.w.org\/{rel}","templated":true}]}}